{"id":254797,"date":"2024-02-21T15:49:33","date_gmt":"2024-02-21T14:49:33","guid":{"rendered":"https:\/\/bnpparibasfortis.emporiashop.be\/product\/protection-decran-me6\/"},"modified":"2026-01-26T14:26:54","modified_gmt":"2026-01-26T13:26:54","slug":"protection-decran-me6","status":"publish","type":"product","link":"https:\/\/bnpparibasfortis.emporiashop.be\/fr\/produit\/protection-decran-me6\/","title":{"rendered":"Film de protection sur l&rsquo;\u00e9cran du smartphone"},"content":{"rendered":"<ul>\n<li>R\u00e9sistance \u00e0 l&rsquo;usure &#8211; la duret\u00e9 du mat\u00e9riau (jusqu&rsquo;\u00e0 9H) garantit la meilleure protection possible.<\/li>\n<li>Protection contre la casse &#8211; le verre de protection tremp\u00e9 couvre toute la surface de l&rsquo;\u00e9cran, offrant la meilleure protection contre la casse, les rayures et la salet\u00e9.<\/li>\n<li>Facile \u00e0 monter &#8211; facile \u00e0 appliquer sans bulles d&rsquo;air gr\u00e2ce au kit EasyApp<\/li>\n<\/ul>\n","protected":false},"excerpt":{"rendered":"<p>Film de protection d&rsquo;\u00e9cran pour Emporia ME6 on-device<\/p>\n","protected":false},"featured_media":254764,"template":"","meta":[],"product_brand":[],"product_cat":[38],"product_tag":[],"class_list":{"0":"post-254797","1":"product","2":"type-product","3":"status-publish","4":"has-post-thumbnail","6":"product_cat-accessoires-fr","8":"first","9":"instock","10":"sale","11":"taxable","12":"shipping-taxable","13":"purchasable","14":"product-type-simple"},"bundled_by":["254786"],"bundle_stock_status":"instock","bundle_stock_quantity":7,"bundle_virtual":false,"bundle_layout":"","bundle_add_to_cart_form_location":"","bundle_editable_in_cart":false,"bundle_sold_individually_context":"","bundle_item_grouping":"","bundle_min_size":"","bundle_max_size":"","bundle_price":[],"bundled_items":[],"bundle_sell_ids":[],"yoast_head":"<!-- This site is optimized with the Yoast SEO plugin v27.3 - https:\/\/yoast.com\/product\/yoast-seo-wordpress\/ -->\n<title>Film de protection sur l&#039;\u00e9cran du smartphone - BNP Paribas Fortis Emporia EU<\/title>\n<meta name=\"description\" content=\"BNP Paribas Fortis Emporia EU - Film de protection sur l&#039;\u00e9cran du smartphone %%.\" \/>\n<meta name=\"robots\" content=\"index, follow, max-snippet:-1, max-image-preview:large, max-video-preview:-1\" \/>\n<link rel=\"canonical\" href=\"https:\/\/bnpparibasfortis.emporiashop.be\/fr\/produit\/protection-decran-me6\/\" \/>\n<meta property=\"og:locale\" content=\"fr_FR\" \/>\n<meta property=\"og:type\" content=\"article\" \/>\n<meta property=\"og:title\" content=\"Film de protection sur l&#039;\u00e9cran du smartphone - BNP Paribas Fortis Emporia EU\" \/>\n<meta property=\"og:description\" content=\"BNP Paribas Fortis Emporia EU - Film de protection sur l&#039;\u00e9cran du smartphone %%.\" \/>\n<meta property=\"og:url\" content=\"https:\/\/bnpparibasfortis.emporiashop.be\/fr\/produit\/protection-decran-me6\/\" \/>\n<meta property=\"og:site_name\" content=\"BNP Paribas Fortis Emporia EU\" \/>\n<meta property=\"article:publisher\" content=\"https:\/\/nl-be.facebook.com\/BNPParibasFortisBelgie\/\" \/>\n<meta property=\"article:modified_time\" content=\"2026-01-26T13:26:54+00:00\" \/>\n<meta property=\"og:image\" content=\"https:\/\/bnpparibasfortis.emporiashop.be\/wp-content\/uploads\/sites\/2\/2024\/02\/emporia_screenprotector_1.webp\" \/>\n\t<meta property=\"og:image:width\" content=\"425\" \/>\n\t<meta property=\"og:image:height\" content=\"587\" \/>\n\t<meta property=\"og:image:type\" content=\"image\/webp\" \/>\n<meta name=\"twitter:card\" content=\"summary_large_image\" \/>\n<meta name=\"twitter:site\" content=\"@bnppfbelgie\" \/>\n<meta name=\"twitter:label1\" content=\"Dur\u00e9e de lecture estim\u00e9e\" \/>\n\t<meta name=\"twitter:data1\" content=\"1 minute\" \/>\n<script type=\"application\/ld+json\" class=\"yoast-schema-graph\">{\"@context\":\"https:\\\/\\\/schema.org\",\"@graph\":[{\"@type\":\"WebPage\",\"@id\":\"https:\\\/\\\/bnpparibasfortis.emporiashop.be\\\/fr\\\/produit\\\/protection-decran-me6\\\/\",\"url\":\"https:\\\/\\\/bnpparibasfortis.emporiashop.be\\\/fr\\\/produit\\\/protection-decran-me6\\\/\",\"name\":\"Film de protection sur l'\u00e9cran du smartphone - BNP Paribas Fortis Emporia EU\",\"isPartOf\":{\"@id\":\"https:\\\/\\\/bnpparibasfortis.emporiashop.be\\\/fr\\\/#website\"},\"primaryImageOfPage\":{\"@id\":\"https:\\\/\\\/bnpparibasfortis.emporiashop.be\\\/fr\\\/produit\\\/protection-decran-me6\\\/#primaryimage\"},\"image\":{\"@id\":\"https:\\\/\\\/bnpparibasfortis.emporiashop.be\\\/fr\\\/produit\\\/protection-decran-me6\\\/#primaryimage\"},\"thumbnailUrl\":\"https:\\\/\\\/bnpparibasfortis.emporiashop.be\\\/wp-content\\\/uploads\\\/sites\\\/2\\\/2024\\\/02\\\/emporia_screenprotector_1.webp\",\"datePublished\":\"2024-02-21T14:49:33+00:00\",\"dateModified\":\"2026-01-26T13:26:54+00:00\",\"description\":\"BNP Paribas Fortis Emporia EU - Film de protection sur l'\u00e9cran du smartphone %%.\",\"breadcrumb\":{\"@id\":\"https:\\\/\\\/bnpparibasfortis.emporiashop.be\\\/fr\\\/produit\\\/protection-decran-me6\\\/#breadcrumb\"},\"inLanguage\":\"fr-FR\",\"potentialAction\":[{\"@type\":\"ReadAction\",\"target\":[\"https:\\\/\\\/bnpparibasfortis.emporiashop.be\\\/fr\\\/produit\\\/protection-decran-me6\\\/\"]}]},{\"@type\":\"ImageObject\",\"inLanguage\":\"fr-FR\",\"@id\":\"https:\\\/\\\/bnpparibasfortis.emporiashop.be\\\/fr\\\/produit\\\/protection-decran-me6\\\/#primaryimage\",\"url\":\"https:\\\/\\\/bnpparibasfortis.emporiashop.be\\\/wp-content\\\/uploads\\\/sites\\\/2\\\/2024\\\/02\\\/emporia_screenprotector_1.webp\",\"contentUrl\":\"https:\\\/\\\/bnpparibasfortis.emporiashop.be\\\/wp-content\\\/uploads\\\/sites\\\/2\\\/2024\\\/02\\\/emporia_screenprotector_1.webp\",\"width\":425,\"height\":587,\"caption\":\"emporia screenprotector\"},{\"@type\":\"BreadcrumbList\",\"@id\":\"https:\\\/\\\/bnpparibasfortis.emporiashop.be\\\/fr\\\/produit\\\/protection-decran-me6\\\/#breadcrumb\",\"itemListElement\":[{\"@type\":\"ListItem\",\"position\":1,\"name\":\"Home\",\"item\":\"https:\\\/\\\/bnpparibasfortis.emporiashop.be\\\/fr\\\/bnp-paribas-fortis-2\\\/\"},{\"@type\":\"ListItem\",\"position\":2,\"name\":\"Produits\",\"item\":\"https:\\\/\\\/bnpparibasfortis.emporiashop.be\\\/fr\\\/shop\\\/\"},{\"@type\":\"ListItem\",\"position\":3,\"name\":\"Film de protection sur l&#8217;\u00e9cran du smartphone\"}]},{\"@type\":\"WebSite\",\"@id\":\"https:\\\/\\\/bnpparibasfortis.emporiashop.be\\\/fr\\\/#website\",\"url\":\"https:\\\/\\\/bnpparibasfortis.emporiashop.be\\\/fr\\\/\",\"name\":\"BNP Paribas Fortis Emporia EU\",\"description\":\"De bank voor een wereld in verandering\",\"publisher\":{\"@id\":\"https:\\\/\\\/bnpparibasfortis.emporiashop.be\\\/fr\\\/#organization\"},\"potentialAction\":[{\"@type\":\"SearchAction\",\"target\":{\"@type\":\"EntryPoint\",\"urlTemplate\":\"https:\\\/\\\/bnpparibasfortis.emporiashop.be\\\/fr\\\/?s={search_term_string}\"},\"query-input\":{\"@type\":\"PropertyValueSpecification\",\"valueRequired\":true,\"valueName\":\"search_term_string\"}}],\"inLanguage\":\"fr-FR\"},{\"@type\":\"Organization\",\"@id\":\"https:\\\/\\\/bnpparibasfortis.emporiashop.be\\\/fr\\\/#organization\",\"name\":\"BNP Paribas Fortis\",\"url\":\"https:\\\/\\\/bnpparibasfortis.emporiashop.be\\\/fr\\\/\",\"logo\":{\"@type\":\"ImageObject\",\"inLanguage\":\"fr-FR\",\"@id\":\"https:\\\/\\\/bnpparibasfortis.emporiashop.be\\\/fr\\\/#\\\/schema\\\/logo\\\/image\\\/\",\"url\":\"https:\\\/\\\/bnpparibasfortis.emporiashop.be\\\/wp-content\\\/uploads\\\/sites\\\/2\\\/2022\\\/06\\\/logo-1.png\",\"contentUrl\":\"https:\\\/\\\/bnpparibasfortis.emporiashop.be\\\/wp-content\\\/uploads\\\/sites\\\/2\\\/2022\\\/06\\\/logo-1.png\",\"width\":295,\"height\":91,\"caption\":\"BNP Paribas Fortis\"},\"image\":{\"@id\":\"https:\\\/\\\/bnpparibasfortis.emporiashop.be\\\/fr\\\/#\\\/schema\\\/logo\\\/image\\\/\"},\"sameAs\":[\"https:\\\/\\\/nl-be.facebook.com\\\/BNPParibasFortisBelgie\\\/\",\"https:\\\/\\\/x.com\\\/bnppfbelgie\"]}]}<\/script>\n<!-- \/ Yoast SEO plugin. -->","yoast_head_json":{"title":"Film de protection sur l'\u00e9cran du smartphone - BNP Paribas Fortis Emporia EU","description":"BNP Paribas Fortis Emporia EU - Film de protection sur l'\u00e9cran du smartphone %%.","robots":{"index":"index","follow":"follow","max-snippet":"max-snippet:-1","max-image-preview":"max-image-preview:large","max-video-preview":"max-video-preview:-1"},"canonical":"https:\/\/bnpparibasfortis.emporiashop.be\/fr\/produit\/protection-decran-me6\/","og_locale":"fr_FR","og_type":"article","og_title":"Film de protection sur l'\u00e9cran du smartphone - BNP Paribas Fortis Emporia EU","og_description":"BNP Paribas Fortis Emporia EU - Film de protection sur l'\u00e9cran du smartphone %%.","og_url":"https:\/\/bnpparibasfortis.emporiashop.be\/fr\/produit\/protection-decran-me6\/","og_site_name":"BNP Paribas Fortis Emporia EU","article_publisher":"https:\/\/nl-be.facebook.com\/BNPParibasFortisBelgie\/","article_modified_time":"2026-01-26T13:26:54+00:00","og_image":[{"width":425,"height":587,"url":"https:\/\/bnpparibasfortis.emporiashop.be\/wp-content\/uploads\/sites\/2\/2024\/02\/emporia_screenprotector_1.webp","type":"image\/webp"}],"twitter_card":"summary_large_image","twitter_site":"@bnppfbelgie","twitter_misc":{"Dur\u00e9e de lecture estim\u00e9e":"1 minute"},"schema":{"@context":"https:\/\/schema.org","@graph":[{"@type":"WebPage","@id":"https:\/\/bnpparibasfortis.emporiashop.be\/fr\/produit\/protection-decran-me6\/","url":"https:\/\/bnpparibasfortis.emporiashop.be\/fr\/produit\/protection-decran-me6\/","name":"Film de protection sur l'\u00e9cran du smartphone - BNP Paribas Fortis Emporia EU","isPartOf":{"@id":"https:\/\/bnpparibasfortis.emporiashop.be\/fr\/#website"},"primaryImageOfPage":{"@id":"https:\/\/bnpparibasfortis.emporiashop.be\/fr\/produit\/protection-decran-me6\/#primaryimage"},"image":{"@id":"https:\/\/bnpparibasfortis.emporiashop.be\/fr\/produit\/protection-decran-me6\/#primaryimage"},"thumbnailUrl":"https:\/\/bnpparibasfortis.emporiashop.be\/wp-content\/uploads\/sites\/2\/2024\/02\/emporia_screenprotector_1.webp","datePublished":"2024-02-21T14:49:33+00:00","dateModified":"2026-01-26T13:26:54+00:00","description":"BNP Paribas Fortis Emporia EU - Film de protection sur l'\u00e9cran du smartphone %%.","breadcrumb":{"@id":"https:\/\/bnpparibasfortis.emporiashop.be\/fr\/produit\/protection-decran-me6\/#breadcrumb"},"inLanguage":"fr-FR","potentialAction":[{"@type":"ReadAction","target":["https:\/\/bnpparibasfortis.emporiashop.be\/fr\/produit\/protection-decran-me6\/"]}]},{"@type":"ImageObject","inLanguage":"fr-FR","@id":"https:\/\/bnpparibasfortis.emporiashop.be\/fr\/produit\/protection-decran-me6\/#primaryimage","url":"https:\/\/bnpparibasfortis.emporiashop.be\/wp-content\/uploads\/sites\/2\/2024\/02\/emporia_screenprotector_1.webp","contentUrl":"https:\/\/bnpparibasfortis.emporiashop.be\/wp-content\/uploads\/sites\/2\/2024\/02\/emporia_screenprotector_1.webp","width":425,"height":587,"caption":"emporia screenprotector"},{"@type":"BreadcrumbList","@id":"https:\/\/bnpparibasfortis.emporiashop.be\/fr\/produit\/protection-decran-me6\/#breadcrumb","itemListElement":[{"@type":"ListItem","position":1,"name":"Home","item":"https:\/\/bnpparibasfortis.emporiashop.be\/fr\/bnp-paribas-fortis-2\/"},{"@type":"ListItem","position":2,"name":"Produits","item":"https:\/\/bnpparibasfortis.emporiashop.be\/fr\/shop\/"},{"@type":"ListItem","position":3,"name":"Film de protection sur l&#8217;\u00e9cran du smartphone"}]},{"@type":"WebSite","@id":"https:\/\/bnpparibasfortis.emporiashop.be\/fr\/#website","url":"https:\/\/bnpparibasfortis.emporiashop.be\/fr\/","name":"BNP Paribas Fortis Emporia EU","description":"De bank voor een wereld in verandering","publisher":{"@id":"https:\/\/bnpparibasfortis.emporiashop.be\/fr\/#organization"},"potentialAction":[{"@type":"SearchAction","target":{"@type":"EntryPoint","urlTemplate":"https:\/\/bnpparibasfortis.emporiashop.be\/fr\/?s={search_term_string}"},"query-input":{"@type":"PropertyValueSpecification","valueRequired":true,"valueName":"search_term_string"}}],"inLanguage":"fr-FR"},{"@type":"Organization","@id":"https:\/\/bnpparibasfortis.emporiashop.be\/fr\/#organization","name":"BNP Paribas Fortis","url":"https:\/\/bnpparibasfortis.emporiashop.be\/fr\/","logo":{"@type":"ImageObject","inLanguage":"fr-FR","@id":"https:\/\/bnpparibasfortis.emporiashop.be\/fr\/#\/schema\/logo\/image\/","url":"https:\/\/bnpparibasfortis.emporiashop.be\/wp-content\/uploads\/sites\/2\/2022\/06\/logo-1.png","contentUrl":"https:\/\/bnpparibasfortis.emporiashop.be\/wp-content\/uploads\/sites\/2\/2022\/06\/logo-1.png","width":295,"height":91,"caption":"BNP Paribas Fortis"},"image":{"@id":"https:\/\/bnpparibasfortis.emporiashop.be\/fr\/#\/schema\/logo\/image\/"},"sameAs":["https:\/\/nl-be.facebook.com\/BNPParibasFortisBelgie\/","https:\/\/x.com\/bnppfbelgie"]}]}},"_links":{"self":[{"href":"https:\/\/bnpparibasfortis.emporiashop.be\/fr\/wp-json\/wp\/v2\/product\/254797","targetHints":{"allow":["GET"]}}],"collection":[{"href":"https:\/\/bnpparibasfortis.emporiashop.be\/fr\/wp-json\/wp\/v2\/product"}],"about":[{"href":"https:\/\/bnpparibasfortis.emporiashop.be\/fr\/wp-json\/wp\/v2\/types\/product"}],"wp:featuredmedia":[{"embeddable":true,"href":"https:\/\/bnpparibasfortis.emporiashop.be\/fr\/wp-json\/wp\/v2\/media\/254764"}],"wp:attachment":[{"href":"https:\/\/bnpparibasfortis.emporiashop.be\/fr\/wp-json\/wp\/v2\/media?parent=254797"}],"wp:term":[{"taxonomy":"product_brand","embeddable":true,"href":"https:\/\/bnpparibasfortis.emporiashop.be\/fr\/wp-json\/wp\/v2\/product_brand?post=254797"},{"taxonomy":"product_cat","embeddable":true,"href":"https:\/\/bnpparibasfortis.emporiashop.be\/fr\/wp-json\/wp\/v2\/product_cat?post=254797"},{"taxonomy":"product_tag","embeddable":true,"href":"https:\/\/bnpparibasfortis.emporiashop.be\/fr\/wp-json\/wp\/v2\/product_tag?post=254797"}],"curies":[{"name":"wp","href":"https:\/\/api.w.org\/{rel}","templated":true}]}}