{"id":199658,"date":"2022-07-26T07:36:10","date_gmt":"2022-07-26T07:36:10","guid":{"rendered":"https:\/\/bnpparibasfortis.emporiashop.be\/panier-dachat-2\/"},"modified":"2022-10-06T12:28:40","modified_gmt":"2022-10-06T12:28:40","slug":"panier-dachat-2","status":"publish","type":"page","link":"https:\/\/bnpparibasfortis.emporiashop.be\/fr\/panier-dachat-2\/","title":{"rendered":"Panier d&rsquo;achat"},"content":{"rendered":"\n\n\n\t<section class=\"section\" id=\"section_116184521\">\n\t\t<div class=\"section-bg fill\" >\n\t\t\t\t\t\t\t\t\t\n\t\t\t\n\n\t\t<\/div>\n\n\t\t\n\n\t\t<div class=\"section-content relative\">\n\t\t\t\n\n<div class=\"row\"  id=\"row-1087137485\">\n\n\n\t<div id=\"col-1490180796\" class=\"col small-12 large-12\"  >\n\t\t\t\t<div class=\"col-inner text-center\"  >\n\t\t\t\n\t\t\t\n\n<h2><span style=\"font-size: 200%;\">Besoin d&rsquo;aide ?<\/span><\/h2>\n<a class=\"button success is-underline\" >\n\t\t<span>Nous contacter<\/span>\n\t<\/a>\n\n\n\n\t\t<\/div>\n\t\t\t\t\n<style>\n#col-1490180796 > .col-inner {\n  padding: 30px 0px 0px 0px;\n}\n<\/style>\n\t<\/div>\n\n\t\n\n<\/div>\n<p style=\"text-align: center;\">Dit is een initiatief van BNP Paribas Fortis in samenwerking met emporia (verantwoordelijk voor het promotieaanbod en de smartphoneproductie) en Essec (partner voor de logistiek en de dienst na verkoop van emporia).<br \/>BNP Paribas Fortis gebruikt de persoonlijke code waarmee u uw bestelling plaatst voor de analyse en opvolging van de campagne.<br \/>Lees de <a href=\"https:\/\/bnpparibasfortis.emporiashop.be\/fr\/securite-et-vie-privee\/\" target=\"_blank\" rel=\"noopener\">privacy policy<\/a> en <a href=\"\/?page_id=807\" target=\"_blank\" rel=\"noopener\">algemene voorwaarden<\/a> van Essec<br \/>Lees de <a href=\"https:\/\/www.bnpparibasfortis.be\/nl\/Openbaar\/Disclaimer?axes4=priv\" target=\"_blank\" rel=\"noopener\">gebruiksvoorwaarden<\/a> en de <a href=\"https:\/\/www.bnpparibasfortis.be\/nl\/Openbaar\/Uw-privacy?axes4=priv\" target=\"_blank\" rel=\"noopener\">privacy policy<\/a> van BNP Paribas Fortis<\/p>\n\t<div id=\"gap-1228525943\" class=\"gap-element clearfix\" style=\"display:block; height:auto;\">\n\t\t\n<style>\n#gap-1228525943 {\n  padding-top: 30px;\n}\n<\/style>\n\t<\/div>\n\t\n\n<div class=\"row\"  id=\"row-388556789\">\n\n\n\t<div id=\"col-2133256817\" class=\"col medium-4 small-12 large-4\"  >\n\t\t\t\t<div class=\"col-inner text-center\"  >\n\t\t\t\n\t\t\t\n\n<p><strong>Dispositif de questions\/probl\u00e8mes<\/strong><\/p>\n<p><a href=\"mailto:info@flatsome.comt\">webshop@essec.be<\/a><br><a href=\"tel:003211450460\">  011 45 04 60<\/a><\/p>\n\n\t\t<\/div>\n\t\t\t\t\t<\/div>\n\n\t\n\n\t<div id=\"col-866943160\" class=\"col medium-4 small-12 large-4\"  >\n\t\t\t\t<div class=\"col-inner text-center\"  >\n\t\t\t\n\t\t\t\n\n<p><strong>Questions sur l&rsquo;application Easy Banking<\/strong><\/p>\n<p>Lun-Ven : 7h-2h<br>Dimanche : 9h00-17h00<br><a href=\"tel:003227626000\">  02 762 60 00<\/a><\/p>\n\n\t\t<\/div>\n\t\t\t\t\t<\/div>\n\n\t\n\n\t<div id=\"col-362769394\" class=\"col medium-4 small-12 large-4\"  >\n\t\t\t\t<div class=\"col-inner text-center\"  >\n\t\t\t\n\t\t\t\n\n<p><strong>Vie priv\u00e9e et donn\u00e9es personnelles<\/strong><\/p>\n<p><a href=\"https:\/\/bnpparibasfortis.emporiashop.be\/fr\/politique-en-matiere-de-cookies-ue\/\" target=\"blank\" rel=\"noopener\">Politique en mati\u00e8re de cookies (UE)<\/a><br>\n<a href=\"https:\/\/bnpparibasfortis.emporiashop.be\/fr\/securite-et-vie-privee\/\" target=\"blank\" rel=\"noopener\">S\u00e9curit\u00e9 et vie priv\u00e9e<\/a><br>\n<a href=\"https:\/\/bnpparibasfortis.emporiashop.be\/fr\/conditions-generales-dutilisation\/\" target=\"blank\" rel=\"noopener\">Conditions g\u00e9n\u00e9rales d&rsquo;utilisation<\/a><\/p>\n\n\n\t\t<\/div>\n\t\t\t\t\t<\/div>\n\n\t\n\n<\/div>\n\t<div id=\"gap-1817508030\" class=\"gap-element clearfix\" style=\"display:block; height:auto;\">\n\t\t\n<style>\n#gap-1817508030 {\n  padding-top: 30px;\n}\n<\/style>\n\t<\/div>\n\t\n\n\n\t\t<\/div>\n\n\t\t\n<style>\n#section_116184521 {\n  padding-top: 60px;\n  padding-bottom: 60px;\n  background-color: rgb(245, 245, 245);\n}\n<\/style>\n\t<\/section>\n\t\n\n","protected":false},"excerpt":{"rendered":"","protected":false},"author":3,"featured_media":0,"parent":0,"menu_order":0,"comment_status":"closed","ping_status":"closed","template":"","meta":{"footnotes":""},"class_list":["post-199658","page","type-page","status-publish","hentry"],"yoast_head":"<!-- This site is optimized with the Yoast SEO plugin v27.5 - https:\/\/yoast.com\/product\/yoast-seo-wordpress\/ -->\n<title>Panier d&#039;achat - BNP Paribas Fortis Emporia EU<\/title>\n<meta name=\"robots\" content=\"index, follow, max-snippet:-1, max-image-preview:large, max-video-preview:-1\" \/>\n<link rel=\"canonical\" href=\"https:\/\/bnpparibasfortis.emporiashop.be\/fr\/panier-dachat-2\/\" \/>\n<meta property=\"og:locale\" content=\"fr_FR\" \/>\n<meta property=\"og:type\" content=\"article\" \/>\n<meta property=\"og:title\" content=\"Panier d&#039;achat - BNP Paribas Fortis Emporia EU\" \/>\n<meta property=\"og:url\" content=\"https:\/\/bnpparibasfortis.emporiashop.be\/fr\/panier-dachat-2\/\" \/>\n<meta property=\"og:site_name\" content=\"BNP Paribas Fortis Emporia EU\" \/>\n<meta property=\"article:publisher\" content=\"https:\/\/nl-be.facebook.com\/BNPParibasFortisBelgie\/\" \/>\n<meta property=\"article:modified_time\" content=\"2022-10-06T12:28:40+00:00\" \/>\n<meta name=\"twitter:card\" content=\"summary_large_image\" \/>\n<meta name=\"twitter:site\" content=\"@bnppfbelgie\" \/>\n<meta name=\"twitter:label1\" content=\"Dur\u00e9e de lecture estim\u00e9e\" \/>\n\t<meta name=\"twitter:data1\" content=\"1 minute\" \/>\n<script type=\"application\/ld+json\" class=\"yoast-schema-graph\">{\"@context\":\"https:\\\/\\\/schema.org\",\"@graph\":[{\"@type\":\"WebPage\",\"@id\":\"https:\\\/\\\/bnpparibasfortis.emporiashop.be\\\/fr\\\/panier-dachat-2\\\/\",\"url\":\"https:\\\/\\\/bnpparibasfortis.emporiashop.be\\\/fr\\\/panier-dachat-2\\\/\",\"name\":\"Panier d'achat - BNP Paribas Fortis Emporia EU\",\"isPartOf\":{\"@id\":\"https:\\\/\\\/bnpparibasfortis.emporiashop.be\\\/fr\\\/#website\"},\"datePublished\":\"2022-07-26T07:36:10+00:00\",\"dateModified\":\"2022-10-06T12:28:40+00:00\",\"breadcrumb\":{\"@id\":\"https:\\\/\\\/bnpparibasfortis.emporiashop.be\\\/fr\\\/panier-dachat-2\\\/#breadcrumb\"},\"inLanguage\":\"fr-FR\",\"potentialAction\":[{\"@type\":\"ReadAction\",\"target\":[\"https:\\\/\\\/bnpparibasfortis.emporiashop.be\\\/fr\\\/panier-dachat-2\\\/\"]}]},{\"@type\":\"BreadcrumbList\",\"@id\":\"https:\\\/\\\/bnpparibasfortis.emporiashop.be\\\/fr\\\/panier-dachat-2\\\/#breadcrumb\",\"itemListElement\":[{\"@type\":\"ListItem\",\"position\":1,\"name\":\"Home\",\"item\":\"https:\\\/\\\/bnpparibasfortis.emporiashop.be\\\/fr\\\/bnp-paribas-fortis-2\\\/\"},{\"@type\":\"ListItem\",\"position\":2,\"name\":\"Panier d&#8217;achat\"}]},{\"@type\":\"WebSite\",\"@id\":\"https:\\\/\\\/bnpparibasfortis.emporiashop.be\\\/fr\\\/#website\",\"url\":\"https:\\\/\\\/bnpparibasfortis.emporiashop.be\\\/fr\\\/\",\"name\":\"BNP Paribas Fortis Emporia EU\",\"description\":\"De bank voor een wereld in verandering\",\"publisher\":{\"@id\":\"https:\\\/\\\/bnpparibasfortis.emporiashop.be\\\/fr\\\/#organization\"},\"potentialAction\":[{\"@type\":\"SearchAction\",\"target\":{\"@type\":\"EntryPoint\",\"urlTemplate\":\"https:\\\/\\\/bnpparibasfortis.emporiashop.be\\\/fr\\\/?s={search_term_string}\"},\"query-input\":{\"@type\":\"PropertyValueSpecification\",\"valueRequired\":true,\"valueName\":\"search_term_string\"}}],\"inLanguage\":\"fr-FR\"},{\"@type\":\"Organization\",\"@id\":\"https:\\\/\\\/bnpparibasfortis.emporiashop.be\\\/fr\\\/#organization\",\"name\":\"BNP Paribas Fortis\",\"url\":\"https:\\\/\\\/bnpparibasfortis.emporiashop.be\\\/fr\\\/\",\"logo\":{\"@type\":\"ImageObject\",\"inLanguage\":\"fr-FR\",\"@id\":\"https:\\\/\\\/bnpparibasfortis.emporiashop.be\\\/fr\\\/#\\\/schema\\\/logo\\\/image\\\/\",\"url\":\"https:\\\/\\\/bnpparibasfortis.emporiashop.be\\\/wp-content\\\/uploads\\\/sites\\\/2\\\/2022\\\/06\\\/logo-1.png\",\"contentUrl\":\"https:\\\/\\\/bnpparibasfortis.emporiashop.be\\\/wp-content\\\/uploads\\\/sites\\\/2\\\/2022\\\/06\\\/logo-1.png\",\"width\":295,\"height\":91,\"caption\":\"BNP Paribas Fortis\"},\"image\":{\"@id\":\"https:\\\/\\\/bnpparibasfortis.emporiashop.be\\\/fr\\\/#\\\/schema\\\/logo\\\/image\\\/\"},\"sameAs\":[\"https:\\\/\\\/nl-be.facebook.com\\\/BNPParibasFortisBelgie\\\/\",\"https:\\\/\\\/x.com\\\/bnppfbelgie\"]}]}<\/script>\n<!-- \/ Yoast SEO plugin. -->","yoast_head_json":{"title":"Panier d'achat - BNP Paribas Fortis Emporia EU","robots":{"index":"index","follow":"follow","max-snippet":"max-snippet:-1","max-image-preview":"max-image-preview:large","max-video-preview":"max-video-preview:-1"},"canonical":"https:\/\/bnpparibasfortis.emporiashop.be\/fr\/panier-dachat-2\/","og_locale":"fr_FR","og_type":"article","og_title":"Panier d'achat - BNP Paribas Fortis Emporia EU","og_url":"https:\/\/bnpparibasfortis.emporiashop.be\/fr\/panier-dachat-2\/","og_site_name":"BNP Paribas Fortis Emporia EU","article_publisher":"https:\/\/nl-be.facebook.com\/BNPParibasFortisBelgie\/","article_modified_time":"2022-10-06T12:28:40+00:00","twitter_card":"summary_large_image","twitter_site":"@bnppfbelgie","twitter_misc":{"Dur\u00e9e de lecture estim\u00e9e":"1 minute"},"schema":{"@context":"https:\/\/schema.org","@graph":[{"@type":"WebPage","@id":"https:\/\/bnpparibasfortis.emporiashop.be\/fr\/panier-dachat-2\/","url":"https:\/\/bnpparibasfortis.emporiashop.be\/fr\/panier-dachat-2\/","name":"Panier d'achat - BNP Paribas Fortis Emporia EU","isPartOf":{"@id":"https:\/\/bnpparibasfortis.emporiashop.be\/fr\/#website"},"datePublished":"2022-07-26T07:36:10+00:00","dateModified":"2022-10-06T12:28:40+00:00","breadcrumb":{"@id":"https:\/\/bnpparibasfortis.emporiashop.be\/fr\/panier-dachat-2\/#breadcrumb"},"inLanguage":"fr-FR","potentialAction":[{"@type":"ReadAction","target":["https:\/\/bnpparibasfortis.emporiashop.be\/fr\/panier-dachat-2\/"]}]},{"@type":"BreadcrumbList","@id":"https:\/\/bnpparibasfortis.emporiashop.be\/fr\/panier-dachat-2\/#breadcrumb","itemListElement":[{"@type":"ListItem","position":1,"name":"Home","item":"https:\/\/bnpparibasfortis.emporiashop.be\/fr\/bnp-paribas-fortis-2\/"},{"@type":"ListItem","position":2,"name":"Panier d&#8217;achat"}]},{"@type":"WebSite","@id":"https:\/\/bnpparibasfortis.emporiashop.be\/fr\/#website","url":"https:\/\/bnpparibasfortis.emporiashop.be\/fr\/","name":"BNP Paribas Fortis Emporia EU","description":"De bank voor een wereld in verandering","publisher":{"@id":"https:\/\/bnpparibasfortis.emporiashop.be\/fr\/#organization"},"potentialAction":[{"@type":"SearchAction","target":{"@type":"EntryPoint","urlTemplate":"https:\/\/bnpparibasfortis.emporiashop.be\/fr\/?s={search_term_string}"},"query-input":{"@type":"PropertyValueSpecification","valueRequired":true,"valueName":"search_term_string"}}],"inLanguage":"fr-FR"},{"@type":"Organization","@id":"https:\/\/bnpparibasfortis.emporiashop.be\/fr\/#organization","name":"BNP Paribas Fortis","url":"https:\/\/bnpparibasfortis.emporiashop.be\/fr\/","logo":{"@type":"ImageObject","inLanguage":"fr-FR","@id":"https:\/\/bnpparibasfortis.emporiashop.be\/fr\/#\/schema\/logo\/image\/","url":"https:\/\/bnpparibasfortis.emporiashop.be\/wp-content\/uploads\/sites\/2\/2022\/06\/logo-1.png","contentUrl":"https:\/\/bnpparibasfortis.emporiashop.be\/wp-content\/uploads\/sites\/2\/2022\/06\/logo-1.png","width":295,"height":91,"caption":"BNP Paribas Fortis"},"image":{"@id":"https:\/\/bnpparibasfortis.emporiashop.be\/fr\/#\/schema\/logo\/image\/"},"sameAs":["https:\/\/nl-be.facebook.com\/BNPParibasFortisBelgie\/","https:\/\/x.com\/bnppfbelgie"]}]}},"_links":{"self":[{"href":"https:\/\/bnpparibasfortis.emporiashop.be\/fr\/wp-json\/wp\/v2\/pages\/199658","targetHints":{"allow":["GET"]}}],"collection":[{"href":"https:\/\/bnpparibasfortis.emporiashop.be\/fr\/wp-json\/wp\/v2\/pages"}],"about":[{"href":"https:\/\/bnpparibasfortis.emporiashop.be\/fr\/wp-json\/wp\/v2\/types\/page"}],"author":[{"embeddable":true,"href":"https:\/\/bnpparibasfortis.emporiashop.be\/fr\/wp-json\/wp\/v2\/users\/3"}],"replies":[{"embeddable":true,"href":"https:\/\/bnpparibasfortis.emporiashop.be\/fr\/wp-json\/wp\/v2\/comments?post=199658"}],"version-history":[{"count":1,"href":"https:\/\/bnpparibasfortis.emporiashop.be\/fr\/wp-json\/wp\/v2\/pages\/199658\/revisions"}],"predecessor-version":[{"id":199672,"href":"https:\/\/bnpparibasfortis.emporiashop.be\/fr\/wp-json\/wp\/v2\/pages\/199658\/revisions\/199672"}],"wp:attachment":[{"href":"https:\/\/bnpparibasfortis.emporiashop.be\/fr\/wp-json\/wp\/v2\/media?parent=199658"}],"curies":[{"name":"wp","href":"https:\/\/api.w.org\/{rel}","templated":true}]}}